{"id":1508,"date":"2019-12-24T13:23:54","date_gmt":"2019-12-24T12:23:54","guid":{"rendered":"http:\/\/die-camera.com\/?page_id=1508"},"modified":"2026-04-17T16:51:55","modified_gmt":"2026-04-17T14:51:55","slug":"aktuell","status":"publish","type":"page","link":"https:\/\/die-camera.com\/?page_id=1508","title":{"rendered":"AKTUELL"},"content":{"rendered":"<p><img loading=\"lazy\" decoding=\"async\" class=\"alignnone size-medium wp-image-3231\" src=\"https:\/\/die-camera.com\/wp-content\/uploads\/2026\/01\/Header-Hedshot-2026-500x68.jpg\" alt=\"\" width=\"500\" height=\"68\" srcset=\"https:\/\/die-camera.com\/wp-content\/uploads\/2026\/01\/Header-Hedshot-2026-500x68.jpg 500w, https:\/\/die-camera.com\/wp-content\/uploads\/2026\/01\/Header-Hedshot-2026-1600x219.jpg 1600w, https:\/\/die-camera.com\/wp-content\/uploads\/2026\/01\/Header-Hedshot-2026-768x105.jpg 768w, https:\/\/die-camera.com\/wp-content\/uploads\/2026\/01\/Header-Hedshot-2026-1536x210.jpg 1536w, https:\/\/die-camera.com\/wp-content\/uploads\/2026\/01\/Header-Hedshot-2026-2048x280.jpg 2048w\" sizes=\"auto, (max-width: 500px) 100vw, 500px\" \/><\/p>\n<p>&nbsp;<\/p>\n<p>&nbsp;<\/p>\n<h1 style=\"padding-left: 40px;\"><img loading=\"lazy\" decoding=\"async\" class=\"alignnone wp-image-2572\" src=\"https:\/\/die-camera.com\/wp-content\/uploads\/2024\/06\/Headshot-2023-1-300x500.jpg\" alt=\"\" width=\"447\" height=\"745\" srcset=\"https:\/\/die-camera.com\/wp-content\/uploads\/2024\/06\/Headshot-2023-1-300x500.jpg 300w, https:\/\/die-camera.com\/wp-content\/uploads\/2024\/06\/Headshot-2023-1-960x1600.jpg 960w, https:\/\/die-camera.com\/wp-content\/uploads\/2024\/06\/Headshot-2023-1-768x1280.jpg 768w, https:\/\/die-camera.com\/wp-content\/uploads\/2024\/06\/Headshot-2023-1-921x1536.jpg 921w, https:\/\/die-camera.com\/wp-content\/uploads\/2024\/06\/Headshot-2023-1-1229x2048.jpg 1229w, https:\/\/die-camera.com\/wp-content\/uploads\/2024\/06\/Headshot-2023-1.jpg 1417w\" sizes=\"auto, (max-width: 447px) 100vw, 447px\" \/><\/h1>\n<p>&nbsp;<\/p>\n<h5 style=\"padding-left: 40px;\">F\u00fcr einen gr\u00f6\u00dferen Leistungsumfang und weitergehende W\u00fcnsche sprechen Sie uns einfach an.<\/h5>\n<p>&nbsp;<\/p>\n<p>&nbsp;<\/p>\n<hr \/>\n<div id=\"comp-li055n4k\" class=\"HcOXKn c9GqVL QxJLC3 lq2cno YQcXTT comp-li055n4k wixui-rich-text\" data-testid=\"richTextElement\">\n<h4 data-ls=\"durationin:1;easingin:linear;transitionout:false;position:relative;\" data-ls-slidein=\"1\" data-ls-slideout=\"1\"><\/h4>\n<\/div>\n<h2 style=\"padding-left: 40px;\" data-ls=\"durationin:1;easingin:linear;transitionout:false;position:relative;\" data-ls-slidein=\"1\" data-ls-slideout=\"1\">Passbilder digital und analog.<\/h2>\n<h2 style=\"padding-left: 40px;\" data-ls=\"durationin:1;easingin:linear;transitionout:false;position:relative;\" data-ls-slidein=\"1\" data-ls-slideout=\"1\">Hier in Spitzenqualit\u00e4t.<span style=\"color: #800000;\"><br \/>\n<\/span><\/h2>\n<p>&nbsp;<\/p>\n<div id=\"comp-li055n4k\" class=\"HcOXKn c9GqVL QxJLC3 lq2cno YQcXTT comp-li055n4k wixui-rich-text\" data-testid=\"richTextElement\">\n<h4 data-ls=\"durationin:1;easingin:linear;transitionout:false;position:relative;\" data-ls-slidein=\"1\" data-ls-slideout=\"1\"><img loading=\"lazy\" decoding=\"async\" class=\"alignnone size-medium wp-image-3244\" src=\"https:\/\/die-camera.com\/wp-content\/uploads\/2026\/01\/ID-PASS-500x171.jpg\" alt=\"\" width=\"500\" height=\"171\" srcset=\"https:\/\/die-camera.com\/wp-content\/uploads\/2026\/01\/ID-PASS-500x171.jpg 500w, https:\/\/die-camera.com\/wp-content\/uploads\/2026\/01\/ID-PASS-768x263.jpg 768w, https:\/\/die-camera.com\/wp-content\/uploads\/2026\/01\/ID-PASS.jpg 945w\" sizes=\"auto, (max-width: 500px) 100vw, 500px\" \/><\/h4>\n<h5><\/h5>\n<h5 class=\"preis_wrap active\"><\/h5>\n<h5><\/h5>\n<h5 class=\"preis_wrap active\"><\/h5>\n<h4 data-ls=\"durationin:1;easingin:linear;transitionout:false;position:relative;\" data-ls-slidein=\"1\" data-ls-slideout=\"1\"><\/h4>\n<h5 class=\"preis_wrap active\" style=\"padding-left: 40px;\"><\/h5>\n<h4 class=\"ls-text-layer ls-layer\" style=\"padding-left: 40px;\" data-ls=\"durationin:1;easingin:linear;transitionout:false;position:relative;\" data-ls-slidein=\"1\" data-ls-slideout=\"1\"><\/h4>\n<\/div>\n<hr \/>\n<p>&nbsp;<\/p>\n<p><img loading=\"lazy\" decoding=\"async\" class=\"alignnone wp-image-2742\" src=\"https:\/\/die-camera.com\/wp-content\/uploads\/2024\/11\/cropped-cropped-DIE-CAMERA-FOTOGRAFIE-07-22-scaled-2-1-Kopie-500x77.png\" alt=\"\" width=\"1078\" height=\"166\" srcset=\"https:\/\/die-camera.com\/wp-content\/uploads\/2024\/11\/cropped-cropped-DIE-CAMERA-FOTOGRAFIE-07-22-scaled-2-1-Kopie-500x77.png 500w, https:\/\/die-camera.com\/wp-content\/uploads\/2024\/11\/cropped-cropped-DIE-CAMERA-FOTOGRAFIE-07-22-scaled-2-1-Kopie-1600x246.png 1600w, https:\/\/die-camera.com\/wp-content\/uploads\/2024\/11\/cropped-cropped-DIE-CAMERA-FOTOGRAFIE-07-22-scaled-2-1-Kopie-768x118.png 768w, https:\/\/die-camera.com\/wp-content\/uploads\/2024\/11\/cropped-cropped-DIE-CAMERA-FOTOGRAFIE-07-22-scaled-2-1-Kopie-1536x236.png 1536w, https:\/\/die-camera.com\/wp-content\/uploads\/2024\/11\/cropped-cropped-DIE-CAMERA-FOTOGRAFIE-07-22-scaled-2-1-Kopie-2048x314.png 2048w\" sizes=\"auto, (max-width: 1078px) 100vw, 1078px\" \/><\/p>\n<div class=\" _3-96\" data-token=\"2328941007211895\">\n<div class=\"\">\n<div class=\"_6jf3 _4-u2 _4-u8\">\n<div class=\"_2piq\">\n<hr \/>\n<h6><\/h6>\n<p>&nbsp;<\/p>\n<\/div>\n<\/div>\n<\/div>\n<\/div>\n<p>&nbsp;<\/p>\n<h2 style=\"text-align: center;\"><\/h2>\n<div id=\"comp-j7kfcstn\" class=\"BaOVQ8 tz5f0K comp-j7kfcstn wixui-rich-text\" data-testid=\"richTextElement\">\n<h6 class=\"font_8 wixui-rich-text__text\" style=\"text-align: center;\"><span class=\"wixui-rich-text__text\">DIE CAMERA | FOTOGRAFIE<br \/>\n<\/span><\/h6>\n<h6 class=\"font_8 wixui-rich-text__text\" style=\"text-align: center;\"><span class=\"wixui-rich-text__text\">PORTRAITS &amp; HEADSHOTS<br \/>\n<\/span><\/h6>\n<h6 class=\"font_8 wixui-rich-text__text\" style=\"text-align: center;\"><span class=\"wixui-rich-text__text\">B\u00fcnder Str. 402\u00a0 32120 Hiddenhausen<br \/>\n<\/span><\/h6>\n<h6 class=\"font_8 wixui-rich-text__text\" style=\"text-align: center;\"><span class=\"wixui-rich-text__text\"><span class=\"color_15 wixui-rich-text__text\">05223 1805952 | kontakt@die-camera.com<\/span><\/span><\/h6>\n<\/div>\n<p>&nbsp;<\/p>\n","protected":false},"excerpt":{"rendered":"<p>&nbsp; &nbsp; &nbsp; F\u00fcr einen gr\u00f6\u00dferen Leistungsumfang und weitergehende W\u00fcnsche sprechen Sie uns einfach an. &nbsp; &nbsp; Passbilder digital und analog. Hier in Spitzenqualit\u00e4t. &nbsp; &nbsp; &nbsp; &nbsp; DIE CAMERA | FOTOGRAFIE PORTRAITS &amp; HEADSHOTS B\u00fcnder Str. 402\u00a0 32120 Hiddenhausen 05223 1805952 | kontakt@die-camera.com &nbsp;<\/p>\n","protected":false},"author":1,"featured_media":0,"parent":0,"menu_order":0,"comment_status":"closed","ping_status":"closed","template":"","meta":{"footnotes":""},"class_list":["post-1508","page","type-page","status-publish","hentry","no-post-thumbnail","post-grid-2-col","entry"],"_links":{"self":[{"href":"https:\/\/die-camera.com\/index.php?rest_route=\/wp\/v2\/pages\/1508","targetHints":{"allow":["GET"]}}],"collection":[{"href":"https:\/\/die-camera.com\/index.php?rest_route=\/wp\/v2\/pages"}],"about":[{"href":"https:\/\/die-camera.com\/index.php?rest_route=\/wp\/v2\/types\/page"}],"author":[{"embeddable":true,"href":"https:\/\/die-camera.com\/index.php?rest_route=\/wp\/v2\/users\/1"}],"replies":[{"embeddable":true,"href":"https:\/\/die-camera.com\/index.php?rest_route=%2Fwp%2Fv2%2Fcomments&post=1508"}],"version-history":[{"count":180,"href":"https:\/\/die-camera.com\/index.php?rest_route=\/wp\/v2\/pages\/1508\/revisions"}],"predecessor-version":[{"id":3313,"href":"https:\/\/die-camera.com\/index.php?rest_route=\/wp\/v2\/pages\/1508\/revisions\/3313"}],"wp:attachment":[{"href":"https:\/\/die-camera.com\/index.php?rest_route=%2Fwp%2Fv2%2Fmedia&parent=1508"}],"curies":[{"name":"wp","href":"https:\/\/api.w.org\/{rel}","templated":true}]}}