{"id":262,"date":"2016-11-07T21:22:58","date_gmt":"2016-11-07T21:22:58","guid":{"rendered":"http:\/\/die-camera.com\/?page_id=262"},"modified":"2026-03-25T19:23:23","modified_gmt":"2026-03-25T18:23:23","slug":"contact","status":"publish","type":"page","link":"https:\/\/die-camera.com\/?page_id=262","title":{"rendered":"CONTACT"},"content":{"rendered":"<h5><span style=\"color: #000000;\"><strong>DIE CAMERA | FOTOGRAFIE\u00a0\u00a0\u00a0 <\/strong><\/span><\/h5>\n<h6><span style=\"color: #000000;\"><strong>STUDIO EILSHAUSEN<\/strong><\/span><br \/>\n<span style=\"color: #000000;\">Burkhard Schulze<\/span><br \/>\n<span style=\"color: #000000;\">B\u00fcnder Stra\u00dfe 402<\/span><br \/>\n<span style=\"color: #000000;\">32120 Hiddenhausen | OT Eilshausen<br \/>\n<\/span><\/h6>\n<h6><span style=\"color: #000000;\"><strong>Termine nach Vereinbarung<\/strong><\/span><\/h6>\n<h6><span style=\"color: #000000;\">Fon.: 05223 1805952<\/span><br \/>\n<span style=\"color: #000000;\">E-Mail.: kontakt(at)die-camera.com<\/span><\/h6>\n<h5><span style=\"color: #808080;\">\u00a0<\/span><\/h5>\n<div id=\"comp-ixlnmyo6\" class=\"HcOXKn c9GqVL QxJLC3 lq2cno comp-ixlnmyo6 wixui-rich-text\" data-testid=\"richTextElement\" data-motion-enter=\"done\">\n<h5 class=\"font_8 wixui-rich-text__text\"><span class=\"color_39 wixui-rich-text__text\"><span class=\"wixui-rich-text__text\">F\u00fcr die erste Kontaktaufnahme wird ein Telefon- oder E-Mail-Kontakt ben\u00f6tigt.<br \/>\n<\/span><\/span><\/h5>\n<h5 class=\"font_8 wixui-rich-text__text\"><span class=\"color_39 wixui-rich-text__text\"><span class=\"wixui-rich-text__text\">Bitte ruft uns an und falls der AB l\u00e4uft, bitte eine Nachricht hinterlassen\u00a0<\/span><\/span><span class=\"color_39 wixui-rich-text__text\"><span class=\"wixui-rich-text__text\">oder\u00a0<\/span><\/span><\/h5>\n<h5 class=\"font_8 wixui-rich-text__text\"><span class=\"color_39 wixui-rich-text__text\"><span class=\"wixui-rich-text__text\">eine E-mail mit Telefonnummer, Namen und wann am besten erreichbar.<br \/>\n<\/span><\/span><\/h5>\n<h5 class=\"font_8 wixui-rich-text__text\"><span class=\"color_39 wixui-rich-text__text\"><span class=\"wixui-rich-text__text\">Wir melden uns schnellstm\u00f6glich&#8230;<\/span><\/span><span class=\"color_39 wixui-rich-text__text\"><span class=\"wixui-rich-text__text\"><span class=\"wixGuard wixui-rich-text__text\">\u200b<\/span><\/span><\/span><\/h5>\n<h5 class=\"font_8 wixui-rich-text__text\"><span class=\"wixui-rich-text__text\"><span class=\"color_39 wixui-rich-text__text\">Preisanfragen werden in einem pers\u00f6nlichen Gespr\u00e4ch und gerne im Studio beantwortet.<br \/>\n<\/span><\/span><\/h5>\n<p>&nbsp;<\/p>\n<h5><\/h5>\n<p>&nbsp;<\/p>\n<\/div>\n<h6><\/h6>\n<h5><img loading=\"lazy\" decoding=\"async\" class=\"alignnone wp-image-497\" src=\"https:\/\/die-camera.com\/wp-content\/uploads\/2016\/11\/Lageplan-500x294.jpg\" alt=\"lageplan\" width=\"883\" height=\"519\" srcset=\"https:\/\/die-camera.com\/wp-content\/uploads\/2016\/11\/Lageplan-500x294.jpg 500w, https:\/\/die-camera.com\/wp-content\/uploads\/2016\/11\/Lageplan-768x451.jpg 768w, https:\/\/die-camera.com\/wp-content\/uploads\/2016\/11\/Lageplan-1600x940.jpg 1600w\" sizes=\"auto, (max-width: 883px) 100vw, 883px\" \/><\/h5>\n<p><img loading=\"lazy\" decoding=\"async\" class=\"alignnone wp-image-2742\" src=\"https:\/\/die-camera.com\/wp-content\/uploads\/2024\/11\/cropped-cropped-DIE-CAMERA-FOTOGRAFIE-07-22-scaled-2-1-Kopie-500x77.png\" alt=\"\" width=\"883\" height=\"136\" srcset=\"https:\/\/die-camera.com\/wp-content\/uploads\/2024\/11\/cropped-cropped-DIE-CAMERA-FOTOGRAFIE-07-22-scaled-2-1-Kopie-500x77.png 500w, https:\/\/die-camera.com\/wp-content\/uploads\/2024\/11\/cropped-cropped-DIE-CAMERA-FOTOGRAFIE-07-22-scaled-2-1-Kopie-1600x246.png 1600w, https:\/\/die-camera.com\/wp-content\/uploads\/2024\/11\/cropped-cropped-DIE-CAMERA-FOTOGRAFIE-07-22-scaled-2-1-Kopie-768x118.png 768w, https:\/\/die-camera.com\/wp-content\/uploads\/2024\/11\/cropped-cropped-DIE-CAMERA-FOTOGRAFIE-07-22-scaled-2-1-Kopie-1536x236.png 1536w, https:\/\/die-camera.com\/wp-content\/uploads\/2024\/11\/cropped-cropped-DIE-CAMERA-FOTOGRAFIE-07-22-scaled-2-1-Kopie-2048x314.png 2048w\" sizes=\"auto, (max-width: 883px) 100vw, 883px\" \/><\/p>\n<p>&nbsp;<\/p>\n<hr \/>\n<div id=\"comp-j7kfcstn\" class=\"BaOVQ8 tz5f0K comp-j7kfcstn wixui-rich-text\" data-testid=\"richTextElement\">\n<div id=\"comp-j7kfcstn\" class=\"BaOVQ8 tz5f0K comp-j7kfcstn wixui-rich-text\" data-testid=\"richTextElement\">\n<h6 class=\"font_8 wixui-rich-text__text\" style=\"text-align: center;\"><span class=\"wixui-rich-text__text\">DIE CAMERA | FOTOGRAFIE<br \/>\n<\/span><\/h6>\n<h6 class=\"font_8 wixui-rich-text__text\" style=\"text-align: center;\"><span class=\"wixui-rich-text__text\">PORTRAITS &amp; HEADSHOTS<br \/>\n<\/span><\/h6>\n<h6 class=\"font_8 wixui-rich-text__text\" style=\"text-align: center;\"><span class=\"wixui-rich-text__text\">B\u00fcnder Str. 402\u00a0 32120 Hiddenhausen<br \/>\n<\/span><\/h6>\n<h6 class=\"font_8 wixui-rich-text__text\" style=\"text-align: center;\"><span class=\"wixui-rich-text__text\"><span class=\"color_15 wixui-rich-text__text\">05223 1805952 | kontakt@die-camera.com<\/span><\/span><\/h6>\n<\/div>\n<p>&nbsp;<\/p>\n<\/div>\n","protected":false},"excerpt":{"rendered":"<p>DIE CAMERA | FOTOGRAFIE\u00a0\u00a0\u00a0 STUDIO EILSHAUSEN Burkhard Schulze B\u00fcnder Stra\u00dfe 402 32120 Hiddenhausen | OT Eilshausen Termine nach Vereinbarung Fon.: 05223 1805952 E-Mail.: kontakt(at)die-camera.com \u00a0 F\u00fcr die erste Kontaktaufnahme wird ein Telefon- oder E-Mail-Kontakt ben\u00f6tigt. Bitte ruft uns an und falls der AB l\u00e4uft, bitte eine Nachricht hinterlassen\u00a0oder\u00a0 eine E-mail mit Telefonnummer, Namen und wann&hellip;<\/p>\n","protected":false},"author":1,"featured_media":0,"parent":0,"menu_order":0,"comment_status":"closed","ping_status":"closed","template":"","meta":{"footnotes":""},"class_list":["post-262","page","type-page","status-publish","hentry","no-post-thumbnail","post-grid-2-col","entry"],"_links":{"self":[{"href":"https:\/\/die-camera.com\/index.php?rest_route=\/wp\/v2\/pages\/262","targetHints":{"allow":["GET"]}}],"collection":[{"href":"https:\/\/die-camera.com\/index.php?rest_route=\/wp\/v2\/pages"}],"about":[{"href":"https:\/\/die-camera.com\/index.php?rest_route=\/wp\/v2\/types\/page"}],"author":[{"embeddable":true,"href":"https:\/\/die-camera.com\/index.php?rest_route=\/wp\/v2\/users\/1"}],"replies":[{"embeddable":true,"href":"https:\/\/die-camera.com\/index.php?rest_route=%2Fwp%2Fv2%2Fcomments&post=262"}],"version-history":[{"count":70,"href":"https:\/\/die-camera.com\/index.php?rest_route=\/wp\/v2\/pages\/262\/revisions"}],"predecessor-version":[{"id":3310,"href":"https:\/\/die-camera.com\/index.php?rest_route=\/wp\/v2\/pages\/262\/revisions\/3310"}],"wp:attachment":[{"href":"https:\/\/die-camera.com\/index.php?rest_route=%2Fwp%2Fv2%2Fmedia&parent=262"}],"curies":[{"name":"wp","href":"https:\/\/api.w.org\/{rel}","templated":true}]}}